{"id":179,"date":"2017-01-15T16:53:42","date_gmt":"2017-01-15T16:53:42","guid":{"rendered":"https:\/\/www.tenisdemesa.patsport.com\/?page_id=179"},"modified":"2017-10-30T16:49:38","modified_gmt":"2017-10-30T16:49:38","slug":"quem-somos","status":"publish","type":"page","link":"https:\/\/www.tenisdemesa.patsport.com\/?page_id=179","title":{"rendered":"Quem Somos"},"content":{"rendered":"<p>A PATACHO \u2013 T\u00e9nis de Mesa iniciou a sua actividade em 1980, com loja de venda ao p\u00fablico de artigos para a generalidade dos desportos. Nesse mesmo ano, com o apoio t\u00e9cnico de um reconhecido talento na modalidade, \u00e9 publicado o nosso primeiro cat\u00e1logo, reeditado anualmente at\u00e9 \u00e0 presente \u00e9poca.Com o aparecimento dos centros comerciais, surgem as lojas de desporto de grande dimens\u00e3o, com o objectivo da venda em massa.<\/p>\n<p>Face \u00e0 evolu\u00e7\u00e3o do mercado, uma das vias poss\u00edveis para uma pequena organiza\u00e7\u00e3o prosseguir era especializa\u00e7\u00e3o. Foi assim que na PATACHO, a sec\u00e7\u00e3o de T\u00e9nis de Mesa evoluiu nos anos 90, constituindo desde ent\u00e3o a sua grande \u00e1rea de interven\u00e7\u00e3o.<\/p>\n<p><b>Miss\u00e3o<\/b><br \/>\nA PATACHO \u2013 T\u00e9nis de Mesa \u00e9 uma Organiza\u00e7\u00e3o que, a par do seu objecto principal, comercializar, procura informar e divulgar os artigos de t\u00e9nis de mesa de uma forma que consideramos adequada e expedita, colocando ao dispor dos nossos clientes um conjunto de produtos, praticamente de todas as marcas e modelos reconhecidos pela Federa\u00e7\u00e3o Internacional ITTF.<\/p>\n<p>Esta orienta\u00e7\u00e3o tem sido poss\u00edvel, tamb\u00e9m pela nossa postura no mercado, que privilegia as rela\u00e7\u00f5es duradouras com clientes, fornecedores, prestadores de servi\u00e7os e demais institui\u00e7\u00f5es de algum modo ligadas \u00e0 modalidade.<\/p>\n<p>Consideramos que esta nossa ambi\u00e7\u00e3o tem contribu\u00eddo e certamente continuar\u00e1 a contribuir para o crescimento deste desporto na sua forma mais competitiva mas tamb\u00e9m l\u00fadica, a par duma presen\u00e7a construtiva na comunidade.<\/p>\n<p><b>Valores e ambi\u00e7\u00f5es<\/b><br \/>\nMelhorar os canais de abastecimento e de venda, de modo a podermos assegurar um servi\u00e7o mais r\u00e1pido e eficaz, aumentar o volume de vendas e atingir uma dimens\u00e3o que nos permita oferecer melhores condi\u00e7\u00f5es aos nossos clientes.<\/p>\n<p>Contribuir cada vez mais para o desenvolvimento e aumento da pr\u00e1tica do T\u00e9nis de Mesa.<\/p>\n<p>Rela\u00e7\u00e3o Para o Cliente \u2013 Procurar estreitar as rela\u00e7\u00f5es com o nosso mercado, constitu\u00eddo por clubes e associa\u00e7\u00f5es desportivas, escolas, autarquias, institui\u00e7\u00f5es de apoio social e em geral por todos os praticantes do t\u00e9nis de mesa.<\/p>\n<p>Orienta\u00e7\u00e3o para o Cliente \u2013 Procurar ter sempre resposta para as necessidades do cliente, com o objectivo da sua plena satisfa\u00e7\u00e3o. Divulga\u00e7\u00e3o permanente de produtos e servi\u00e7os que proporcionem qualidade e crescente rendimento desportivo aos nossos clientes, aumentando desta forma o seu desempenho no \u00e2mbito da modalidade.<\/p>\n","protected":false},"excerpt":{"rendered":"<p>A PATACHO \u2013 T\u00e9nis de Mesa iniciou a sua actividade em 1980, com loja de venda ao p\u00fablico de artigos para a generalidade dos desportos. Nesse mesmo ano, com o apoio t\u00e9cnico de um reconhecido talento na modalidade, \u00e9 publicado o nosso primeiro cat\u00e1logo, reeditado anualmente at\u00e9 \u00e0 presente \u00e9poca.Com o aparecimento dos centros comerciais, [&hellip;]<\/p>\n","protected":false},"author":1,"featured_media":0,"parent":0,"menu_order":0,"comment_status":"closed","ping_status":"closed","template":"","meta":{"footnotes":""},"class_list":["post-179","page","type-page","status-publish","hentry"],"jetpack_sharing_enabled":true,"_links":{"self":[{"href":"https:\/\/www.tenisdemesa.patsport.com\/index.php?rest_route=\/wp\/v2\/pages\/179","targetHints":{"allow":["GET"]}}],"collection":[{"href":"https:\/\/www.tenisdemesa.patsport.com\/index.php?rest_route=\/wp\/v2\/pages"}],"about":[{"href":"https:\/\/www.tenisdemesa.patsport.com\/index.php?rest_route=\/wp\/v2\/types\/page"}],"author":[{"embeddable":true,"href":"https:\/\/www.tenisdemesa.patsport.com\/index.php?rest_route=\/wp\/v2\/users\/1"}],"replies":[{"embeddable":true,"href":"https:\/\/www.tenisdemesa.patsport.com\/index.php?rest_route=%2Fwp%2Fv2%2Fcomments&post=179"}],"version-history":[{"count":0,"href":"https:\/\/www.tenisdemesa.patsport.com\/index.php?rest_route=\/wp\/v2\/pages\/179\/revisions"}],"wp:attachment":[{"href":"https:\/\/www.tenisdemesa.patsport.com\/index.php?rest_route=%2Fwp%2Fv2%2Fmedia&parent=179"}],"curies":[{"name":"wp","href":"https:\/\/api.w.org\/{rel}","templated":true}]}}