{"id":10523,"date":"2018-10-14T23:40:45","date_gmt":"2018-10-14T23:40:45","guid":{"rendered":"https:\/\/www.tenisdemesa.patsport.com\/produto\/valmo-da-yasaka\/"},"modified":"2022-11-14T01:23:43","modified_gmt":"2022-11-14T01:23:43","slug":"valmo-da-yasaka","status":"publish","type":"product","link":"https:\/\/www.tenisdemesa.patsport.com\/?product=valmo-da-yasaka","title":{"rendered":"Valmo da Yasaka"},"content":{"rendered":"<p>Valmo da Yasaka \u00e0 venda na Patacho T\u00e9nis de Mesa. Pode comprar atrav\u00e9s do nosso site e receber em sua casa com todo o conforto<\/p>\n","protected":false},"excerpt":{"rendered":"<p>Valmo da Yasaka \u00e0 venda na Patacho T\u00e9nis de Mesa. Pode comprar atrav\u00e9s do nosso site e receber em sua casa com todo o conforto<\/p>\n","protected":false},"featured_media":10459,"comment_status":"closed","ping_status":"open","template":"","meta":[],"product_brand":[],"product_cat":[210,208],"product_tag":[18,132],"class_list":{"0":"post-10523","1":"product","2":"type-product","3":"status-publish","4":"has-post-thumbnail","6":"product_cat-rv-lisos","7":"product_cat-revestimentos","8":"product_tag-off","9":"product_tag-yasaka","10":"product_shipping_class-envio-normal","11":"pa_estrategia-off","12":"pa_marca-yasaka","14":"first","15":"instock","16":"sale","17":"taxable","18":"shipping-taxable","19":"purchasable","20":"product-type-variable"},"jetpack_sharing_enabled":true,"_links":{"self":[{"href":"https:\/\/www.tenisdemesa.patsport.com\/index.php?rest_route=\/wp\/v2\/product\/10523","targetHints":{"allow":["GET"]}}],"collection":[{"href":"https:\/\/www.tenisdemesa.patsport.com\/index.php?rest_route=\/wp\/v2\/product"}],"about":[{"href":"https:\/\/www.tenisdemesa.patsport.com\/index.php?rest_route=\/wp\/v2\/types\/product"}],"replies":[{"embeddable":true,"href":"https:\/\/www.tenisdemesa.patsport.com\/index.php?rest_route=%2Fwp%2Fv2%2Fcomments&post=10523"}],"wp:featuredmedia":[{"embeddable":true,"href":"https:\/\/www.tenisdemesa.patsport.com\/index.php?rest_route=\/wp\/v2\/media\/10459"}],"wp:attachment":[{"href":"https:\/\/www.tenisdemesa.patsport.com\/index.php?rest_route=%2Fwp%2Fv2%2Fmedia&parent=10523"}],"wp:term":[{"taxonomy":"product_brand","embeddable":true,"href":"https:\/\/www.tenisdemesa.patsport.com\/index.php?rest_route=%2Fwp%2Fv2%2Fproduct_brand&post=10523"},{"taxonomy":"product_cat","embeddable":true,"href":"https:\/\/www.tenisdemesa.patsport.com\/index.php?rest_route=%2Fwp%2Fv2%2Fproduct_cat&post=10523"},{"taxonomy":"product_tag","embeddable":true,"href":"https:\/\/www.tenisdemesa.patsport.com\/index.php?rest_route=%2Fwp%2Fv2%2Fproduct_tag&post=10523"}],"curies":[{"name":"wp","href":"https:\/\/api.w.org\/{rel}","templated":true}]}}