{"id":10869,"date":"2018-12-14T12:10:53","date_gmt":"2018-12-14T12:10:53","guid":{"rendered":"https:\/\/www.tenisdemesa.patsport.com\/?post_type=product&#038;p=10869"},"modified":"2020-04-06T13:42:50","modified_gmt":"2020-04-06T13:42:50","slug":"mini-mesa","status":"publish","type":"product","link":"https:\/\/www.tenisdemesa.patsport.com\/?product=mini-mesa","title":{"rendered":"Mini-Mesa"},"content":{"rendered":"<p>Para jogar em casa ou no escrit\u00f3rio, estas mini-mesas s\u00e3o muito divertidas. No princ\u00edpio estranha-se mas depois entranha-se \ud83d\ude09<br \/>\nDesafio para todos os jogadores, dos ofensivos aos defensivos, dos atletas aos iniciados. Tenis de mesa em todo o lado.<\/p>\n","protected":false},"excerpt":{"rendered":"<p>Para jogar em casa ou no escrit\u00f3rio, estas mini-mesas s\u00e3o muito divertidas<\/p>\n","protected":false},"featured_media":12446,"comment_status":"closed","ping_status":"closed","template":"","meta":[],"product_brand":[],"product_cat":[502,509],"product_tag":[543,542],"class_list":{"0":"post-10869","1":"product","2":"type-product","3":"status-publish","4":"has-post-thumbnail","6":"product_cat-mesas","7":"product_cat-para-jogar","8":"product_tag-mini-mesa","9":"product_tag-promocao","10":"product_shipping_class-envio-normal","12":"first","13":"instock","14":"sale","15":"taxable","16":"shipping-taxable","17":"purchasable","18":"product-type-simple"},"jetpack_sharing_enabled":true,"_links":{"self":[{"href":"https:\/\/www.tenisdemesa.patsport.com\/index.php?rest_route=\/wp\/v2\/product\/10869","targetHints":{"allow":["GET"]}}],"collection":[{"href":"https:\/\/www.tenisdemesa.patsport.com\/index.php?rest_route=\/wp\/v2\/product"}],"about":[{"href":"https:\/\/www.tenisdemesa.patsport.com\/index.php?rest_route=\/wp\/v2\/types\/product"}],"replies":[{"embeddable":true,"href":"https:\/\/www.tenisdemesa.patsport.com\/index.php?rest_route=%2Fwp%2Fv2%2Fcomments&post=10869"}],"wp:featuredmedia":[{"embeddable":true,"href":"https:\/\/www.tenisdemesa.patsport.com\/index.php?rest_route=\/wp\/v2\/media\/12446"}],"wp:attachment":[{"href":"https:\/\/www.tenisdemesa.patsport.com\/index.php?rest_route=%2Fwp%2Fv2%2Fmedia&parent=10869"}],"wp:term":[{"taxonomy":"product_brand","embeddable":true,"href":"https:\/\/www.tenisdemesa.patsport.com\/index.php?rest_route=%2Fwp%2Fv2%2Fproduct_brand&post=10869"},{"taxonomy":"product_cat","embeddable":true,"href":"https:\/\/www.tenisdemesa.patsport.com\/index.php?rest_route=%2Fwp%2Fv2%2Fproduct_cat&post=10869"},{"taxonomy":"product_tag","embeddable":true,"href":"https:\/\/www.tenisdemesa.patsport.com\/index.php?rest_route=%2Fwp%2Fv2%2Fproduct_tag&post=10869"}],"curies":[{"name":"wp","href":"https:\/\/api.w.org\/{rel}","templated":true}]}}