{"id":12039,"date":"2019-11-05T01:44:30","date_gmt":"2019-11-05T01:44:30","guid":{"rendered":"https:\/\/www.tenisdemesa.patsport.com\/produto\/nostalgic-allround-da-stiga\/"},"modified":"2024-06-04T23:38:35","modified_gmt":"2024-06-04T23:38:35","slug":"nostalgic-allround-da-stiga","status":"publish","type":"product","link":"https:\/\/www.tenisdemesa.patsport.com\/?product=nostalgic-allround-da-stiga","title":{"rendered":"Nostalgic Allround da Stiga"},"content":{"rendered":"","protected":false},"excerpt":{"rendered":"<p>Nostalgic Allround da Stiga \u00e0 venda na Patacho T\u00e9nis de Mesa. Pode comprar atrav\u00e9s do nosso site e receber em sua casa com todo o conforto<\/p>\n","protected":false},"featured_media":12013,"comment_status":"closed","ping_status":"open","template":"","meta":[],"product_brand":[],"product_cat":[11],"product_tag":[89],"class_list":{"0":"post-12039","1":"product","2":"type-product","3":"status-publish","4":"has-post-thumbnail","6":"product_cat-madeiras","7":"product_tag-stiga","8":"product_shipping_class-envio-normal","9":"pa_estrategia-all","10":"pa_marca-stiga","12":"first","13":"instock","14":"taxable","15":"shipping-taxable","16":"purchasable","17":"product-type-variable"},"jetpack_sharing_enabled":true,"_links":{"self":[{"href":"https:\/\/www.tenisdemesa.patsport.com\/index.php?rest_route=\/wp\/v2\/product\/12039","targetHints":{"allow":["GET"]}}],"collection":[{"href":"https:\/\/www.tenisdemesa.patsport.com\/index.php?rest_route=\/wp\/v2\/product"}],"about":[{"href":"https:\/\/www.tenisdemesa.patsport.com\/index.php?rest_route=\/wp\/v2\/types\/product"}],"replies":[{"embeddable":true,"href":"https:\/\/www.tenisdemesa.patsport.com\/index.php?rest_route=%2Fwp%2Fv2%2Fcomments&post=12039"}],"wp:featuredmedia":[{"embeddable":true,"href":"https:\/\/www.tenisdemesa.patsport.com\/index.php?rest_route=\/wp\/v2\/media\/12013"}],"wp:attachment":[{"href":"https:\/\/www.tenisdemesa.patsport.com\/index.php?rest_route=%2Fwp%2Fv2%2Fmedia&parent=12039"}],"wp:term":[{"taxonomy":"product_brand","embeddable":true,"href":"https:\/\/www.tenisdemesa.patsport.com\/index.php?rest_route=%2Fwp%2Fv2%2Fproduct_brand&post=12039"},{"taxonomy":"product_cat","embeddable":true,"href":"https:\/\/www.tenisdemesa.patsport.com\/index.php?rest_route=%2Fwp%2Fv2%2Fproduct_cat&post=12039"},{"taxonomy":"product_tag","embeddable":true,"href":"https:\/\/www.tenisdemesa.patsport.com\/index.php?rest_route=%2Fwp%2Fv2%2Fproduct_tag&post=12039"}],"curies":[{"name":"wp","href":"https:\/\/api.w.org\/{rel}","templated":true}]}}