{"id":6214,"date":"2017-09-01T00:00:00","date_gmt":"2017-09-01T00:00:00","guid":{"rendered":"https:\/\/www.tenisdemesa.patsport.com\/produto\/extra-off-7-power-da-yasaka\/"},"modified":"2025-11-15T15:10:24","modified_gmt":"2025-11-15T15:10:24","slug":"extra-off-7-power-da-yasaka","status":"publish","type":"product","link":"https:\/\/www.tenisdemesa.patsport.com\/?product=extra-off-7-power-da-yasaka","title":{"rendered":"Extra Off 7 Power da Yasaka"},"content":{"rendered":"<p>Extra Off 7 Power da Yasaka \u00e0 venda na Patacho T\u00e9nis de Mesa. Pode comprar atrav\u00e9s do nosso site e receber em sua casa com todo o conforto<\/p>\n","protected":false},"excerpt":{"rendered":"<p>Extra Off 7 Power da Yasaka \u00e0 venda na Patacho T\u00e9nis de Mesa. Pode comprar atrav\u00e9s do nosso site e receber em sua casa com todo o conforto<\/p>\n","protected":false},"featured_media":6487,"comment_status":"closed","ping_status":"open","template":"","meta":[],"product_brand":[],"product_cat":[11],"product_tag":[18,132],"class_list":{"0":"post-6214","1":"product","2":"type-product","3":"status-publish","4":"has-post-thumbnail","6":"product_cat-madeiras","7":"product_tag-off","8":"product_tag-yasaka","9":"product_shipping_class-envio-normal","10":"pa_controlo-37","11":"pa_estrategia-off","12":"pa_marca-yasaka","13":"pa_nr-camadas-309","14":"pa_peso-da-madeira-90g","15":"pa_velocidade-36","17":"first","18":"instock","19":"taxable","20":"shipping-taxable","21":"purchasable","22":"product-type-variable"},"jetpack_sharing_enabled":true,"_links":{"self":[{"href":"https:\/\/www.tenisdemesa.patsport.com\/index.php?rest_route=\/wp\/v2\/product\/6214","targetHints":{"allow":["GET"]}}],"collection":[{"href":"https:\/\/www.tenisdemesa.patsport.com\/index.php?rest_route=\/wp\/v2\/product"}],"about":[{"href":"https:\/\/www.tenisdemesa.patsport.com\/index.php?rest_route=\/wp\/v2\/types\/product"}],"replies":[{"embeddable":true,"href":"https:\/\/www.tenisdemesa.patsport.com\/index.php?rest_route=%2Fwp%2Fv2%2Fcomments&post=6214"}],"wp:featuredmedia":[{"embeddable":true,"href":"https:\/\/www.tenisdemesa.patsport.com\/index.php?rest_route=\/wp\/v2\/media\/6487"}],"wp:attachment":[{"href":"https:\/\/www.tenisdemesa.patsport.com\/index.php?rest_route=%2Fwp%2Fv2%2Fmedia&parent=6214"}],"wp:term":[{"taxonomy":"product_brand","embeddable":true,"href":"https:\/\/www.tenisdemesa.patsport.com\/index.php?rest_route=%2Fwp%2Fv2%2Fproduct_brand&post=6214"},{"taxonomy":"product_cat","embeddable":true,"href":"https:\/\/www.tenisdemesa.patsport.com\/index.php?rest_route=%2Fwp%2Fv2%2Fproduct_cat&post=6214"},{"taxonomy":"product_tag","embeddable":true,"href":"https:\/\/www.tenisdemesa.patsport.com\/index.php?rest_route=%2Fwp%2Fv2%2Fproduct_tag&post=6214"}],"curies":[{"name":"wp","href":"https:\/\/api.w.org\/{rel}","templated":true}]}}