{"id":6362,"date":"2017-09-01T00:00:00","date_gmt":"2017-09-01T00:00:00","guid":{"rendered":"https:\/\/www.tenisdemesa.patsport.com\/produto\/drinkhall-offensive-classic-da-tibhar\/"},"modified":"2022-10-12T23:08:23","modified_gmt":"2022-10-12T23:08:23","slug":"drinkhall-offensive-classic-da-tibhar-2","status":"publish","type":"product","link":"https:\/\/www.tenisdemesa.patsport.com\/?product=drinkhall-offensive-classic-da-tibhar-2","title":{"rendered":"Drinkhall Offensive Classic da Tibhar"},"content":{"rendered":"<p>Drinkhall Offensive Classic da Tibhar \u00e0 venda na Patacho T\u00e9nis de Mesa. Pode comprar atrav\u00e9s do nosso site e receber em sua casa com todo o conforto<\/p>\n","protected":false},"excerpt":{"rendered":"<p>Drinkhall Offensive Classic da Tibhar \u00e0 venda na Patacho T\u00e9nis de Mesa. Pode comprar atrav\u00e9s do nosso site e receber em sua casa com todo o conforto<\/p>\n","protected":false},"featured_media":6526,"comment_status":"closed","ping_status":"open","template":"","meta":[],"product_brand":[],"product_cat":[11],"product_tag":[18,112],"class_list":{"0":"post-6362","1":"product","2":"type-product","3":"status-publish","4":"has-post-thumbnail","6":"product_cat-madeiras","7":"product_tag-off","8":"product_tag-tibhar","9":"product_shipping_class-envio-normal","10":"pa_controlo-27","11":"pa_estrategia-off","12":"pa_marca-tibhar","13":"pa_nr-camadas-302","14":"pa_peso-da-madeira-88g","15":"pa_velocidade-109","17":"first","18":"instock","19":"taxable","20":"shipping-taxable","21":"purchasable","22":"product-type-variable"},"jetpack_sharing_enabled":true,"_links":{"self":[{"href":"https:\/\/www.tenisdemesa.patsport.com\/index.php?rest_route=\/wp\/v2\/product\/6362","targetHints":{"allow":["GET"]}}],"collection":[{"href":"https:\/\/www.tenisdemesa.patsport.com\/index.php?rest_route=\/wp\/v2\/product"}],"about":[{"href":"https:\/\/www.tenisdemesa.patsport.com\/index.php?rest_route=\/wp\/v2\/types\/product"}],"replies":[{"embeddable":true,"href":"https:\/\/www.tenisdemesa.patsport.com\/index.php?rest_route=%2Fwp%2Fv2%2Fcomments&post=6362"}],"wp:featuredmedia":[{"embeddable":true,"href":"https:\/\/www.tenisdemesa.patsport.com\/index.php?rest_route=\/wp\/v2\/media\/6526"}],"wp:attachment":[{"href":"https:\/\/www.tenisdemesa.patsport.com\/index.php?rest_route=%2Fwp%2Fv2%2Fmedia&parent=6362"}],"wp:term":[{"taxonomy":"product_brand","embeddable":true,"href":"https:\/\/www.tenisdemesa.patsport.com\/index.php?rest_route=%2Fwp%2Fv2%2Fproduct_brand&post=6362"},{"taxonomy":"product_cat","embeddable":true,"href":"https:\/\/www.tenisdemesa.patsport.com\/index.php?rest_route=%2Fwp%2Fv2%2Fproduct_cat&post=6362"},{"taxonomy":"product_tag","embeddable":true,"href":"https:\/\/www.tenisdemesa.patsport.com\/index.php?rest_route=%2Fwp%2Fv2%2Fproduct_tag&post=6362"}],"curies":[{"name":"wp","href":"https:\/\/api.w.org\/{rel}","templated":true}]}}