{"id":7741,"date":"2017-09-01T00:00:00","date_gmt":"2017-09-01T00:00:00","guid":{"rendered":"https:\/\/www.tenisdemesa.patsport.com\/produto\/marcador-smash-da-tibhar\/"},"modified":"2023-03-16T19:12:24","modified_gmt":"2023-03-16T19:12:24","slug":"marcador-smash-da-tibhar","status":"publish","type":"product","link":"https:\/\/www.tenisdemesa.patsport.com\/?product=marcador-smash-da-tibhar","title":{"rendered":"Marcador Smash da Tibhar"},"content":{"rendered":"<p>Marcador Smash da Tibhar \u00e0 venda na Patacho T\u00e9nis de Mesa. Pode comprar atrav\u00e9s do nosso site e receber em sua casa com todo o conforto<\/p>\n","protected":false},"excerpt":{"rendered":"<p>Marcador Smash da Tibhar \u00e0 venda na Patacho T\u00e9nis de Mesa. Pode comprar atrav\u00e9s do nosso site e receber em sua casa com todo o conforto<\/p>\n","protected":false},"featured_media":7583,"comment_status":"closed","ping_status":"open","template":"","meta":[],"product_brand":[],"product_cat":[487],"product_tag":[261,112],"class_list":{"0":"post-7741","1":"product","2":"type-product","3":"status-publish","4":"has-post-thumbnail","6":"product_cat-acessorios-para-clubes","7":"product_tag-clubes","8":"product_tag-tibhar","9":"product_shipping_class-envio-normal","10":"pa_marca-tibhar","12":"first","13":"instock","14":"taxable","15":"shipping-taxable","16":"purchasable","17":"product-type-simple"},"jetpack_sharing_enabled":true,"_links":{"self":[{"href":"https:\/\/www.tenisdemesa.patsport.com\/index.php?rest_route=\/wp\/v2\/product\/7741","targetHints":{"allow":["GET"]}}],"collection":[{"href":"https:\/\/www.tenisdemesa.patsport.com\/index.php?rest_route=\/wp\/v2\/product"}],"about":[{"href":"https:\/\/www.tenisdemesa.patsport.com\/index.php?rest_route=\/wp\/v2\/types\/product"}],"replies":[{"embeddable":true,"href":"https:\/\/www.tenisdemesa.patsport.com\/index.php?rest_route=%2Fwp%2Fv2%2Fcomments&post=7741"}],"wp:featuredmedia":[{"embeddable":true,"href":"https:\/\/www.tenisdemesa.patsport.com\/index.php?rest_route=\/wp\/v2\/media\/7583"}],"wp:attachment":[{"href":"https:\/\/www.tenisdemesa.patsport.com\/index.php?rest_route=%2Fwp%2Fv2%2Fmedia&parent=7741"}],"wp:term":[{"taxonomy":"product_brand","embeddable":true,"href":"https:\/\/www.tenisdemesa.patsport.com\/index.php?rest_route=%2Fwp%2Fv2%2Fproduct_brand&post=7741"},{"taxonomy":"product_cat","embeddable":true,"href":"https:\/\/www.tenisdemesa.patsport.com\/index.php?rest_route=%2Fwp%2Fv2%2Fproduct_cat&post=7741"},{"taxonomy":"product_tag","embeddable":true,"href":"https:\/\/www.tenisdemesa.patsport.com\/index.php?rest_route=%2Fwp%2Fv2%2Fproduct_tag&post=7741"}],"curies":[{"name":"wp","href":"https:\/\/api.w.org\/{rel}","templated":true}]}}