{"id":7811,"date":"2017-09-01T00:00:00","date_gmt":"2017-09-01T00:00:00","guid":{"rendered":"https:\/\/www.tenisdemesa.patsport.com\/produto\/waldner-classic-25-da-donic\/"},"modified":"2026-03-17T00:35:39","modified_gmt":"2026-03-17T00:35:39","slug":"waldner-classic-25-da-donic","status":"publish","type":"product","link":"https:\/\/www.tenisdemesa.patsport.com\/?product=waldner-classic-25-da-donic","title":{"rendered":"Waldner Classic 25 da Donic"},"content":{"rendered":"\n<p><\/p>\n\n\n<p>Waldner Classic 25 da Donic, aprovada pela ITTF. \u00c0 venda na Patacho T\u00e9nis de Mesa. Pode comprar atrav\u00e9s do nosso site e receber em sua casa com todo o conforto<br \/><strong>O pre\u00e7o indicado est\u00e1 sujeito a confirma\u00e7\u00e3o<\/strong>, atrav\u00e9s de or\u00e7amento a fornecer a pedido do cliente,\u00a0 \u00a0 \u00a0 \u00a0 (Tm. 936000932 ou geral@patsport.pt), dependendo da quantidade, das condi\u00e7\u00f5es de entrega e local de entrega.\u00a0<\/p>","protected":false},"excerpt":{"rendered":"<p>Waldner Classic 25 da Donic \u00e0 venda na Patacho T\u00e9nis de Mesa. Pode comprar atrav\u00e9s do nosso site e receber em sua casa com todo o conforto<\/p>\n","protected":false},"featured_media":7683,"comment_status":"closed","ping_status":"closed","template":"","meta":[],"product_brand":[],"product_cat":[502],"product_tag":[51],"class_list":{"0":"post-7811","1":"product","2":"type-product","3":"status-publish","4":"has-post-thumbnail","6":"product_cat-mesas","7":"product_tag-donic","8":"product_shipping_class-envio-pesados","9":"pa_marca-donic","11":"first","12":"instock","13":"taxable","14":"shipping-taxable","15":"purchasable","16":"product-type-simple"},"jetpack_sharing_enabled":true,"_links":{"self":[{"href":"https:\/\/www.tenisdemesa.patsport.com\/index.php?rest_route=\/wp\/v2\/product\/7811","targetHints":{"allow":["GET"]}}],"collection":[{"href":"https:\/\/www.tenisdemesa.patsport.com\/index.php?rest_route=\/wp\/v2\/product"}],"about":[{"href":"https:\/\/www.tenisdemesa.patsport.com\/index.php?rest_route=\/wp\/v2\/types\/product"}],"replies":[{"embeddable":true,"href":"https:\/\/www.tenisdemesa.patsport.com\/index.php?rest_route=%2Fwp%2Fv2%2Fcomments&post=7811"}],"wp:featuredmedia":[{"embeddable":true,"href":"https:\/\/www.tenisdemesa.patsport.com\/index.php?rest_route=\/wp\/v2\/media\/7683"}],"wp:attachment":[{"href":"https:\/\/www.tenisdemesa.patsport.com\/index.php?rest_route=%2Fwp%2Fv2%2Fmedia&parent=7811"}],"wp:term":[{"taxonomy":"product_brand","embeddable":true,"href":"https:\/\/www.tenisdemesa.patsport.com\/index.php?rest_route=%2Fwp%2Fv2%2Fproduct_brand&post=7811"},{"taxonomy":"product_cat","embeddable":true,"href":"https:\/\/www.tenisdemesa.patsport.com\/index.php?rest_route=%2Fwp%2Fv2%2Fproduct_cat&post=7811"},{"taxonomy":"product_tag","embeddable":true,"href":"https:\/\/www.tenisdemesa.patsport.com\/index.php?rest_route=%2Fwp%2Fv2%2Fproduct_tag&post=7811"}],"curies":[{"name":"wp","href":"https:\/\/api.w.org\/{rel}","templated":true}]}}