{"id":9212,"date":"2017-08-01T00:00:00","date_gmt":"2017-08-01T00:00:00","guid":{"rendered":"https:\/\/www.tenisdemesa.patsport.com\/produto\/evolution-mx-p-da-tibhar\/"},"modified":"2025-11-18T20:09:03","modified_gmt":"2025-11-18T20:09:03","slug":"evolution-mx-p-da-tibhar","status":"publish","type":"product","link":"https:\/\/www.tenisdemesa.patsport.com\/?product=evolution-mx-p-da-tibhar","title":{"rendered":"Evolution MX-P da Tibhar"},"content":{"rendered":"<p>A MX-P \u00e9 a vers\u00e3o mais din\u00e2mica e r\u00e1pida da fam\u00edlia Evolution, devido \u00e0 geometria dos picos (invertidos) e da maior flexibilidade da borracha. Estas caracter\u00edsticas d\u00e3o mais energia \u00e0s bolas atacantes. A esponja RED POWER tem rigidez de 46-48\u00b0 e n\u00e3o faz nenhuma concess\u00e3o em termos de velocidade ou spin.<br \/>\nO tempo de contacto da bola \u00e9 aumentado pela borracha PRO-TENSION dando excelente sensa\u00e7\u00e3o e \u00e9 escolhido por jogadores de &#8220;powerloops&#8221;.<\/p>\n<p><a href=\"https:\/\/en.wikipedia.org\/wiki\/Paul_Drinkhall\" target=\"_blank\" rel=\"noopener\">Paul Drinkhall<\/a> (nr 1 do ranking do Reino Unido) disse: &#8220;Em termos de velocidade a&nbsp; MX-P \u00e9 o revestimento Rei, mas para spin tamb\u00e9m \u00e9 excelente. \u00c9 um revestimento muito r\u00e1pido e adequa-se ao jogador atacante que gosta de jogar a bola cedo na mesa ou na meia dist\u00e2ncia e jogar forte, atacando com muito spin. A velocidade apesar de elevada, permite ter um bom equilibrio n\u00e3o perdendo feeling ou controlo&#8221;.<\/p>\n<blockquote><p>&#8220;Isto \u00e9 aquilo que temos procurado durante os \u00faltimos anos &#8211; um revestimento que possa realmente substituir a Tenergy &#8211; e finalmente encontramos&#8221;&nbsp;site Expert Table Tennis<\/p><\/blockquote>\n<p>Evolution MX-P da Tibhar \u00e0 venda na Patacho T\u00e9nis de Mesa. Pode comprar atrav\u00e9s do nosso site e receber em sua casa com todo o conforto<\/p>\n","protected":false},"excerpt":{"rendered":"<p>A MX-P \u00e9 a vers\u00e3o mais din\u00e2mica e r\u00e1pida da fam\u00edlia Evolution, devido \u00e0 geometria dos picos (invertidos) e da maior flexibilidade da borracha. Estas caracter\u00edsticas d\u00e3o mais energia aos nossos ataques.<\/p>\n<blockquote><p>&#8220;Isto \u00e9 aquilo que temos procurado durante os \u00faltimos anos &#8211; um revestimento que possa realmente substituir a Tenergy &#8211; e finalmente encontramos&#8221;\u00a0site Expert Table Tennis<\/p><\/blockquote>\n","protected":false},"featured_media":7551,"comment_status":"closed","ping_status":"open","template":"","meta":[],"product_brand":[],"product_cat":[210,208],"product_tag":[523,18,112],"class_list":{"0":"post-9212","1":"product","2":"type-product","3":"status-publish","4":"has-post-thumbnail","6":"product_cat-rv-lisos","7":"product_cat-revestimentos","8":"product_tag-evolution-series","9":"product_tag-off","10":"product_tag-tibhar","11":"product_shipping_class-envio-normal","12":"pa_aderencia-390","13":"pa_controlo-54","14":"pa_espessura-1-9-2-0","15":"pa_espessura-2-1-2-2","16":"pa_estrategia-off","17":"pa_marca-tibhar","18":"pa_rigidez-media","19":"pa_velocidade-466","21":"first","22":"instock","23":"taxable","24":"shipping-taxable","25":"purchasable","26":"product-type-variable"},"jetpack_sharing_enabled":true,"_links":{"self":[{"href":"https:\/\/www.tenisdemesa.patsport.com\/index.php?rest_route=\/wp\/v2\/product\/9212","targetHints":{"allow":["GET"]}}],"collection":[{"href":"https:\/\/www.tenisdemesa.patsport.com\/index.php?rest_route=\/wp\/v2\/product"}],"about":[{"href":"https:\/\/www.tenisdemesa.patsport.com\/index.php?rest_route=\/wp\/v2\/types\/product"}],"replies":[{"embeddable":true,"href":"https:\/\/www.tenisdemesa.patsport.com\/index.php?rest_route=%2Fwp%2Fv2%2Fcomments&post=9212"}],"wp:featuredmedia":[{"embeddable":true,"href":"https:\/\/www.tenisdemesa.patsport.com\/index.php?rest_route=\/wp\/v2\/media\/7551"}],"wp:attachment":[{"href":"https:\/\/www.tenisdemesa.patsport.com\/index.php?rest_route=%2Fwp%2Fv2%2Fmedia&parent=9212"}],"wp:term":[{"taxonomy":"product_brand","embeddable":true,"href":"https:\/\/www.tenisdemesa.patsport.com\/index.php?rest_route=%2Fwp%2Fv2%2Fproduct_brand&post=9212"},{"taxonomy":"product_cat","embeddable":true,"href":"https:\/\/www.tenisdemesa.patsport.com\/index.php?rest_route=%2Fwp%2Fv2%2Fproduct_cat&post=9212"},{"taxonomy":"product_tag","embeddable":true,"href":"https:\/\/www.tenisdemesa.patsport.com\/index.php?rest_route=%2Fwp%2Fv2%2Fproduct_tag&post=9212"}],"curies":[{"name":"wp","href":"https:\/\/api.w.org\/{rel}","templated":true}]}}