{"id":9222,"date":"2017-08-01T00:00:00","date_gmt":"2017-08-01T00:00:00","guid":{"rendered":"https:\/\/www.tenisdemesa.patsport.com\/produto\/evolution-el-p-da-tibhar\/"},"modified":"2025-11-18T19:58:20","modified_gmt":"2025-11-18T19:58:20","slug":"evolution-el-p-da-tibhar","status":"publish","type":"product","link":"https:\/\/www.tenisdemesa.patsport.com\/?product=evolution-el-p-da-tibhar","title":{"rendered":"Evolution EL-P da Tibhar"},"content":{"rendered":"<p>A Evolution EL-P \u00e9 a borracha mais el\u00e1stica da s\u00e9rie de borrachas Evolution.&nbsp; A vers\u00e3o EL-P com sua esponja m\u00e9dia encaixa perfeitamente entre as mais r\u00edgidas MX-P ou MX-S e a mais macia FX-P e, assim, completa esta s\u00e9rie da Tibhar.<\/p>\n<p>Permite um jogo muito preciso e potente tanto na meia dist\u00e2ncia como em cima da mesa.&nbsp;Evolution EL-P: escolhida pela maioria dos jogadores do Topspin para quem a vers\u00e3o MX \u00e9 muito r\u00edgida e a vers\u00e3o FX \u00e9 demasiado macia, no entanto colocando foco no spin e pot\u00eancia.<\/p>\n<p>Evolution EL-P da Tibhar \u00e0 venda na Patacho T\u00e9nis de Mesa. Pode comprar atrav\u00e9s do nosso site e receber em sua casa com todo o conforto<\/p>\n","protected":false},"excerpt":{"rendered":"<p>A Evolution EL-P \u00e9 a borracha mais el\u00e1stica da s\u00e9rie de borrachas <em>Evolution<\/em>.\u00a0 A vers\u00e3o EL-P com sua esponja m\u00e9dia encaixa perfeitamente entre as mais r\u00edgidas MX-P ou MX-S e a mais macia FX-P e, assim, completa esta s\u00e9rie da Tibhar.<\/p>\n<blockquote><p>&#8220;Isto \u00e9 aquilo que temos procurado durante os \u00faltimos anos &#8211; um revestimento que possa realmente substituir a Tenergy &#8211; e finalmente encontramos&#8221;\u00a0site Expert Table Tennis<\/p><\/blockquote>\n","protected":false},"featured_media":7553,"comment_status":"closed","ping_status":"open","template":"","meta":[],"product_brand":[],"product_cat":[210,208],"product_tag":[523,18,112],"class_list":{"0":"post-9222","1":"product","2":"type-product","3":"status-publish","4":"has-post-thumbnail","6":"product_cat-rv-lisos","7":"product_cat-revestimentos","8":"product_tag-evolution-series","9":"product_tag-off","10":"product_tag-tibhar","11":"product_shipping_class-envio-normal","12":"pa_aderencia-468","13":"pa_controlo-33","14":"pa_estrategia-off-off","15":"pa_marca-tibhar","16":"pa_rigidez-media-2","17":"pa_velocidade-98","19":"first","20":"instock","21":"taxable","22":"shipping-taxable","23":"purchasable","24":"product-type-variable"},"jetpack_sharing_enabled":true,"_links":{"self":[{"href":"https:\/\/www.tenisdemesa.patsport.com\/index.php?rest_route=\/wp\/v2\/product\/9222","targetHints":{"allow":["GET"]}}],"collection":[{"href":"https:\/\/www.tenisdemesa.patsport.com\/index.php?rest_route=\/wp\/v2\/product"}],"about":[{"href":"https:\/\/www.tenisdemesa.patsport.com\/index.php?rest_route=\/wp\/v2\/types\/product"}],"replies":[{"embeddable":true,"href":"https:\/\/www.tenisdemesa.patsport.com\/index.php?rest_route=%2Fwp%2Fv2%2Fcomments&post=9222"}],"wp:featuredmedia":[{"embeddable":true,"href":"https:\/\/www.tenisdemesa.patsport.com\/index.php?rest_route=\/wp\/v2\/media\/7553"}],"wp:attachment":[{"href":"https:\/\/www.tenisdemesa.patsport.com\/index.php?rest_route=%2Fwp%2Fv2%2Fmedia&parent=9222"}],"wp:term":[{"taxonomy":"product_brand","embeddable":true,"href":"https:\/\/www.tenisdemesa.patsport.com\/index.php?rest_route=%2Fwp%2Fv2%2Fproduct_brand&post=9222"},{"taxonomy":"product_cat","embeddable":true,"href":"https:\/\/www.tenisdemesa.patsport.com\/index.php?rest_route=%2Fwp%2Fv2%2Fproduct_cat&post=9222"},{"taxonomy":"product_tag","embeddable":true,"href":"https:\/\/www.tenisdemesa.patsport.com\/index.php?rest_route=%2Fwp%2Fv2%2Fproduct_tag&post=9222"}],"curies":[{"name":"wp","href":"https:\/\/api.w.org\/{rel}","templated":true}]}}