{"id":9230,"date":"2017-08-01T00:00:00","date_gmt":"2017-08-01T00:00:00","guid":{"rendered":"https:\/\/www.tenisdemesa.patsport.com\/produto\/evolution-mx-s-da-tibhar\/"},"modified":"2025-11-18T20:10:21","modified_gmt":"2025-11-18T20:10:21","slug":"evolution-mx-s-da-tibhar","status":"publish","type":"product","link":"https:\/\/www.tenisdemesa.patsport.com\/?product=evolution-mx-s-da-tibhar","title":{"rendered":"Evolution MX-S da Tibhar"},"content":{"rendered":"<p>Esta \u00e9 vers\u00e3o din\u00e2mica e com foco no spin e ader\u00eancia da s\u00e9rie Evolution. \u00c9 destinada ao jogadores que empregam uma ac\u00e7\u00e3o mais f\u00edsica (acelera\u00e7\u00e3o do bra\u00e7o e pulso). Os jogadores que usam este estilo de jogo com mais spin e agressividade podem usufruir do enorme potencial e desempenho consistente do revestimento MX-S. Tanto junto \u00e0 mesa como na meia dist\u00e2ncia.<\/p>\n<p>EVOLU\u00c7\u00c3O MX-S: a borracha escolhida pela maioria dos jogadores nacionais da TIBHAR na Bundesliga.<\/p>\n<p>Evolution MX-S da Tibhar \u00e0 venda na Patacho T\u00e9nis de Mesa. Pode comprar atrav\u00e9s do nosso site e receber em sua casa com todo o conforto<\/p>\n","protected":false},"excerpt":{"rendered":"<p>Esta \u00e9 vers\u00e3o din\u00e2mica e com foco no spin e ader\u00eancia da s\u00e9rie Evolution. \u00c9 a borracha escolhida pela maioria dos TIBHAR Bundesliga e jogadores alem\u00e3es.<\/p>\n<blockquote><p>&#8220;Isto \u00e9 aquilo que temos procurado durante os \u00faltimos anos &#8211; um revestimento que possa realmente substituir a Tenergy &#8211; e finalmente encontramos&#8221;\u00a0site Expert Table Tennis<\/p><\/blockquote>\n","protected":false},"featured_media":7554,"comment_status":"closed","ping_status":"open","template":"","meta":[],"product_brand":[],"product_cat":[210,208],"product_tag":[523,18,112],"class_list":{"0":"post-9230","1":"product","2":"type-product","3":"status-publish","4":"has-post-thumbnail","6":"product_cat-rv-lisos","7":"product_cat-revestimentos","8":"product_tag-evolution-series","9":"product_tag-off","10":"product_tag-tibhar","11":"product_shipping_class-envio-normal","12":"pa_aderencia-468","13":"pa_controlo-32","14":"pa_estrategia-off-off","15":"pa_marca-tibhar","16":"pa_rigidez-46o","17":"pa_velocidade-467","19":"first","20":"instock","21":"taxable","22":"shipping-taxable","23":"purchasable","24":"product-type-variable"},"jetpack_sharing_enabled":true,"_links":{"self":[{"href":"https:\/\/www.tenisdemesa.patsport.com\/index.php?rest_route=\/wp\/v2\/product\/9230","targetHints":{"allow":["GET"]}}],"collection":[{"href":"https:\/\/www.tenisdemesa.patsport.com\/index.php?rest_route=\/wp\/v2\/product"}],"about":[{"href":"https:\/\/www.tenisdemesa.patsport.com\/index.php?rest_route=\/wp\/v2\/types\/product"}],"replies":[{"embeddable":true,"href":"https:\/\/www.tenisdemesa.patsport.com\/index.php?rest_route=%2Fwp%2Fv2%2Fcomments&post=9230"}],"wp:featuredmedia":[{"embeddable":true,"href":"https:\/\/www.tenisdemesa.patsport.com\/index.php?rest_route=\/wp\/v2\/media\/7554"}],"wp:attachment":[{"href":"https:\/\/www.tenisdemesa.patsport.com\/index.php?rest_route=%2Fwp%2Fv2%2Fmedia&parent=9230"}],"wp:term":[{"taxonomy":"product_brand","embeddable":true,"href":"https:\/\/www.tenisdemesa.patsport.com\/index.php?rest_route=%2Fwp%2Fv2%2Fproduct_brand&post=9230"},{"taxonomy":"product_cat","embeddable":true,"href":"https:\/\/www.tenisdemesa.patsport.com\/index.php?rest_route=%2Fwp%2Fv2%2Fproduct_cat&post=9230"},{"taxonomy":"product_tag","embeddable":true,"href":"https:\/\/www.tenisdemesa.patsport.com\/index.php?rest_route=%2Fwp%2Fv2%2Fproduct_tag&post=9230"}],"curies":[{"name":"wp","href":"https:\/\/api.w.org\/{rel}","templated":true}]}}