{"id":9248,"date":"2017-08-01T00:00:00","date_gmt":"2017-08-01T00:00:00","guid":{"rendered":"https:\/\/www.tenisdemesa.patsport.com\/produto\/evolution-el-s-da-tibhar\/"},"modified":"2025-11-18T19:59:22","modified_gmt":"2025-11-18T19:59:22","slug":"evolution-el-s-da-tibhar","status":"publish","type":"product","link":"https:\/\/www.tenisdemesa.patsport.com\/?product=evolution-el-s-da-tibhar","title":{"rendered":"Evolution EL-S da Tibhar"},"content":{"rendered":"<p>A vers\u00e3o Evolution EL-S combina os enormes valores de spin da MX-S com uma superf\u00edcie de borracha completamente nova e a velocidade e pot\u00eancia da MX-P.<br \/>\nTIBHAR procurou criar uma borracha aut\u00f3noma na s\u00e9rie Evolution, com uma esponja de dureza m\u00e9dia e uma geometria dos picos (invertidos) especialmente ajustada, estabelecendo novos padr\u00f5es em termos de elasticidade.<br \/>\nO EL-S d\u00e1 um feeling sensacional apesar de um enorme dinamismo e spin muito alto. Por excel\u00eancia um revestimento de topspin, a EL-S oferece alta rota\u00e7\u00e3o e pot\u00eancia em todas as situa\u00e7\u00f5es de jogo.<\/p>\n<p>Evolution EL-S da Tibhar \u00e0 venda na Patacho T\u00e9nis de Mesa. Pode comprar atrav\u00e9s do nosso site e receber em sua casa com todo o conforto<\/p>\n","protected":false},"excerpt":{"rendered":"<p>A vers\u00e3o Evolution EL-S combina os enormes valores de spin da MX-S com uma superf\u00edcie de borracha completamente nova e a velocidade e pot\u00eancia da MX-P.<\/p>\n<blockquote><p>&#8220;Isto \u00e9 aquilo que temos procurado durante os \u00faltimos anos &#8211; um revestimento que possa realmente substituir a Tenergy &#8211; e finalmente encontramos&#8221;\u00a0site Expert Table Tennis<\/p><\/blockquote>\n","protected":false},"featured_media":7559,"comment_status":"closed","ping_status":"open","template":"","meta":[],"product_brand":[],"product_cat":[210,208],"product_tag":[523,18,112],"class_list":{"0":"post-9248","1":"product","2":"type-product","3":"status-publish","4":"has-post-thumbnail","6":"product_cat-rv-lisos","7":"product_cat-revestimentos","8":"product_tag-evolution-series","9":"product_tag-off","10":"product_tag-tibhar","11":"product_shipping_class-envio-normal","12":"pa_aderencia-439","13":"pa_controlo-33","14":"pa_estrategia-off-2","15":"pa_marca-tibhar","16":"pa_rigidez-45o","17":"pa_velocidade-473","19":"first","20":"instock","21":"taxable","22":"shipping-taxable","23":"purchasable","24":"product-type-variable"},"jetpack_sharing_enabled":true,"_links":{"self":[{"href":"https:\/\/www.tenisdemesa.patsport.com\/index.php?rest_route=\/wp\/v2\/product\/9248","targetHints":{"allow":["GET"]}}],"collection":[{"href":"https:\/\/www.tenisdemesa.patsport.com\/index.php?rest_route=\/wp\/v2\/product"}],"about":[{"href":"https:\/\/www.tenisdemesa.patsport.com\/index.php?rest_route=\/wp\/v2\/types\/product"}],"replies":[{"embeddable":true,"href":"https:\/\/www.tenisdemesa.patsport.com\/index.php?rest_route=%2Fwp%2Fv2%2Fcomments&post=9248"}],"wp:featuredmedia":[{"embeddable":true,"href":"https:\/\/www.tenisdemesa.patsport.com\/index.php?rest_route=\/wp\/v2\/media\/7559"}],"wp:attachment":[{"href":"https:\/\/www.tenisdemesa.patsport.com\/index.php?rest_route=%2Fwp%2Fv2%2Fmedia&parent=9248"}],"wp:term":[{"taxonomy":"product_brand","embeddable":true,"href":"https:\/\/www.tenisdemesa.patsport.com\/index.php?rest_route=%2Fwp%2Fv2%2Fproduct_brand&post=9248"},{"taxonomy":"product_cat","embeddable":true,"href":"https:\/\/www.tenisdemesa.patsport.com\/index.php?rest_route=%2Fwp%2Fv2%2Fproduct_cat&post=9248"},{"taxonomy":"product_tag","embeddable":true,"href":"https:\/\/www.tenisdemesa.patsport.com\/index.php?rest_route=%2Fwp%2Fv2%2Fproduct_tag&post=9248"}],"curies":[{"name":"wp","href":"https:\/\/api.w.org\/{rel}","templated":true}]}}