{"id":9277,"date":"2017-08-01T00:00:00","date_gmt":"2017-08-01T00:00:00","guid":{"rendered":"https:\/\/www.tenisdemesa.patsport.com\/produto\/curl-p1-r-da-tsp\/"},"modified":"2023-03-28T23:10:42","modified_gmt":"2023-03-28T23:10:42","slug":"curl-p1-r-da-tsp","status":"publish","type":"product","link":"https:\/\/www.tenisdemesa.patsport.com\/?product=curl-p1-r-da-tsp","title":{"rendered":"VICTAS P1 V"},"content":{"rendered":"<p>Curl P1V da VICTAS (corresponde \u00e0 anteriormente comercializada Curl P1 R da TSP) \u00e0 venda na Patacho T\u00e9nis de Mesa. Pode comprar atrav\u00e9s do nosso site e receber em sua casa com todo o conforto<\/p>\n","protected":false},"excerpt":{"rendered":"<p>Curl P1V da VICTAS (corresponde \u00e0 anteriormente comercializada Curl P1 R da TSP) \u00e0 venda na Patacho T\u00e9nis de Mesa. Pode comprar atrav\u00e9s do nosso site e receber em sua casa com todo o conforto<\/p>\n","protected":false},"featured_media":15597,"comment_status":"closed","ping_status":"open","template":"","meta":[],"product_brand":[],"product_cat":[209,208],"product_tag":[79,125],"class_list":{"0":"post-9277","1":"product","2":"type-product","3":"status-publish","4":"has-post-thumbnail","6":"product_cat-rv-picos","7":"product_cat-revestimentos","8":"product_tag-def","9":"product_tag-tsp","10":"product_shipping_class-envio-normal","11":"pa_aderencia-280","12":"pa_controlo-477","13":"pa_estrategia-def","14":"pa_marca-tsp","15":"pa_rigidez-macia","16":"pa_velocidade-476","18":"first","19":"instock","20":"taxable","21":"shipping-taxable","22":"purchasable","23":"product-type-variable"},"jetpack_sharing_enabled":true,"_links":{"self":[{"href":"https:\/\/www.tenisdemesa.patsport.com\/index.php?rest_route=\/wp\/v2\/product\/9277","targetHints":{"allow":["GET"]}}],"collection":[{"href":"https:\/\/www.tenisdemesa.patsport.com\/index.php?rest_route=\/wp\/v2\/product"}],"about":[{"href":"https:\/\/www.tenisdemesa.patsport.com\/index.php?rest_route=\/wp\/v2\/types\/product"}],"replies":[{"embeddable":true,"href":"https:\/\/www.tenisdemesa.patsport.com\/index.php?rest_route=%2Fwp%2Fv2%2Fcomments&post=9277"}],"wp:featuredmedia":[{"embeddable":true,"href":"https:\/\/www.tenisdemesa.patsport.com\/index.php?rest_route=\/wp\/v2\/media\/15597"}],"wp:attachment":[{"href":"https:\/\/www.tenisdemesa.patsport.com\/index.php?rest_route=%2Fwp%2Fv2%2Fmedia&parent=9277"}],"wp:term":[{"taxonomy":"product_brand","embeddable":true,"href":"https:\/\/www.tenisdemesa.patsport.com\/index.php?rest_route=%2Fwp%2Fv2%2Fproduct_brand&post=9277"},{"taxonomy":"product_cat","embeddable":true,"href":"https:\/\/www.tenisdemesa.patsport.com\/index.php?rest_route=%2Fwp%2Fv2%2Fproduct_cat&post=9277"},{"taxonomy":"product_tag","embeddable":true,"href":"https:\/\/www.tenisdemesa.patsport.com\/index.php?rest_route=%2Fwp%2Fv2%2Fproduct_tag&post=9277"}],"curies":[{"name":"wp","href":"https:\/\/api.w.org\/{rel}","templated":true}]}}