{"id":9334,"date":"2017-08-01T00:00:00","date_gmt":"2017-08-01T00:00:00","guid":{"rendered":"https:\/\/www.tenisdemesa.patsport.com\/produto\/dornenglanz-da-spinlord\/"},"modified":"2019-10-19T16:08:21","modified_gmt":"2019-10-19T16:08:21","slug":"dornenglanz-da-spinlord","status":"publish","type":"product","link":"https:\/\/www.tenisdemesa.patsport.com\/?product=dornenglanz-da-spinlord","title":{"rendered":"Dornenglanz da Spinlord"},"content":{"rendered":"<p>Dornenglanz da Spinlord \u00e0 venda na Patacho T\u00e9nis de Mesa. Pode comprar atrav\u00e9s do nosso site e receber em sua casa com todo o conforto<\/p>\n","protected":false},"excerpt":{"rendered":"<p>Dornenglanz da Spinlord \u00e0 venda na Patacho T\u00e9nis de Mesa. Pode comprar atrav\u00e9s do nosso site e receber em sua casa com todo o conforto<\/p>\n","protected":false},"featured_media":7576,"comment_status":"closed","ping_status":"open","template":"","meta":[],"product_brand":[],"product_cat":[209,208],"product_tag":[79,221],"class_list":{"0":"post-9334","1":"product","2":"type-product","3":"status-publish","4":"has-post-thumbnail","6":"product_cat-rv-picos","7":"product_cat-revestimentos","8":"product_tag-def","9":"product_tag-spinlord","10":"product_shipping_class-envio-normal","11":"pa_aderencia-298","12":"pa_controlo-67","13":"pa_estrategia-def","14":"pa_marca-spinlord","15":"pa_rigidez-nd","16":"pa_velocidade-60","18":"first","19":"instock","20":"taxable","21":"shipping-taxable","22":"purchasable","23":"product-type-variable"},"jetpack_sharing_enabled":true,"_links":{"self":[{"href":"https:\/\/www.tenisdemesa.patsport.com\/index.php?rest_route=\/wp\/v2\/product\/9334","targetHints":{"allow":["GET"]}}],"collection":[{"href":"https:\/\/www.tenisdemesa.patsport.com\/index.php?rest_route=\/wp\/v2\/product"}],"about":[{"href":"https:\/\/www.tenisdemesa.patsport.com\/index.php?rest_route=\/wp\/v2\/types\/product"}],"replies":[{"embeddable":true,"href":"https:\/\/www.tenisdemesa.patsport.com\/index.php?rest_route=%2Fwp%2Fv2%2Fcomments&post=9334"}],"wp:featuredmedia":[{"embeddable":true,"href":"https:\/\/www.tenisdemesa.patsport.com\/index.php?rest_route=\/wp\/v2\/media\/7576"}],"wp:attachment":[{"href":"https:\/\/www.tenisdemesa.patsport.com\/index.php?rest_route=%2Fwp%2Fv2%2Fmedia&parent=9334"}],"wp:term":[{"taxonomy":"product_brand","embeddable":true,"href":"https:\/\/www.tenisdemesa.patsport.com\/index.php?rest_route=%2Fwp%2Fv2%2Fproduct_brand&post=9334"},{"taxonomy":"product_cat","embeddable":true,"href":"https:\/\/www.tenisdemesa.patsport.com\/index.php?rest_route=%2Fwp%2Fv2%2Fproduct_cat&post=9334"},{"taxonomy":"product_tag","embeddable":true,"href":"https:\/\/www.tenisdemesa.patsport.com\/index.php?rest_route=%2Fwp%2Fv2%2Fproduct_tag&post=9334"}],"curies":[{"name":"wp","href":"https:\/\/api.w.org\/{rel}","templated":true}]}}